{"id":822,"date":"2025-03-06T10:17:50","date_gmt":"2025-03-06T10:17:50","guid":{"rendered":"https:\/\/www.grevture1.se\/?page_id=822"},"modified":"2025-04-03T18:16:28","modified_gmt":"2025-04-03T18:16:28","slug":"ombyggnadsregler","status":"publish","type":"page","link":"https:\/\/www.grevture1.se\/?page_id=822","title":{"rendered":"Ombyggnadsregler"},"content":{"rendered":"\n<h6 class=\"wp-block-heading\">H\u00e4r hittar du allt du beh\u00f6ver veta och ta h\u00e4nsyn till vid en ombyggnad av din l\u00e4genhet i brf Grev Ture 1.<br>Ladda hem guiden som pdf:<\/h6>\n\n\n\n<p><a href=\"https:\/\/www.grevture1.se\/wp-content\/uploads\/2025\/04\/Brf-Grev-Ture-Ombyggnadsregler-forslag-20250305-1.pdf\">pdf dokument<\/a><\/p>\n","protected":false},"excerpt":{"rendered":"<p>H\u00e4r hittar du allt du beh\u00f6ver veta och ta h\u00e4nsyn till vid en ombyggnad av din l\u00e4genhet i brf Grev Ture 1.Ladda hem guiden som pdf: pdf dokument<\/p>\n","protected":false},"author":2,"featured_media":0,"parent":0,"menu_order":0,"comment_status":"closed","ping_status":"closed","template":"","meta":{"site-sidebar-layout":"default","site-content-layout":"default","ast-global-header-display":"","ast-main-header-display":"","ast-hfb-above-header-display":"","ast-hfb-below-header-display":"","ast-hfb-mobile-header-display":"","site-post-title":"","ast-breadcrumbs-content":"","ast-featured-img":"","footer-sml-layout":"","theme-transparent-header-meta":"","adv-header-id-meta":"","stick-header-meta":"","header-above-stick-meta":"","header-main-stick-meta":"","header-below-stick-meta":"","ngg_post_thumbnail":0,"footnotes":""},"class_list":["post-822","page","type-page","status-publish","hentry"],"_links":{"self":[{"href":"https:\/\/www.grevture1.se\/index.php?rest_route=\/wp\/v2\/pages\/822","targetHints":{"allow":["GET"]}}],"collection":[{"href":"https:\/\/www.grevture1.se\/index.php?rest_route=\/wp\/v2\/pages"}],"about":[{"href":"https:\/\/www.grevture1.se\/index.php?rest_route=\/wp\/v2\/types\/page"}],"author":[{"embeddable":true,"href":"https:\/\/www.grevture1.se\/index.php?rest_route=\/wp\/v2\/users\/2"}],"replies":[{"embeddable":true,"href":"https:\/\/www.grevture1.se\/index.php?rest_route=%2Fwp%2Fv2%2Fcomments&post=822"}],"version-history":[{"count":4,"href":"https:\/\/www.grevture1.se\/index.php?rest_route=\/wp\/v2\/pages\/822\/revisions"}],"predecessor-version":[{"id":829,"href":"https:\/\/www.grevture1.se\/index.php?rest_route=\/wp\/v2\/pages\/822\/revisions\/829"}],"wp:attachment":[{"href":"https:\/\/www.grevture1.se\/index.php?rest_route=%2Fwp%2Fv2%2Fmedia&parent=822"}],"curies":[{"name":"wp","href":"https:\/\/api.w.org\/{rel}","templated":true}]}}