{"id":71,"date":"2011-01-16T14:35:09","date_gmt":"2011-01-16T14:35:09","guid":{"rendered":"http:\/\/www.grevture1.se\/?page_id=71"},"modified":"2022-12-19T14:01:34","modified_gmt":"2022-12-19T14:01:34","slug":"hem","status":"publish","type":"page","link":"https:\/\/www.grevture1.se\/","title":{"rendered":"Hem"},"content":{"rendered":"\n<p>BRF Grev Ture 1. En f\u00f6rening med gamla anor i ett modernt hus fr\u00e5n 1988. Husets arkitektur pr\u00e4glas av klassisk omsorg i detaljer och formspr\u00e5k tillsammans med vackra och best\u00e5ende material.&nbsp;Sten, marmor, tr\u00e4 och m\u00e4ssing har f\u00e5tt sin naturliga samklang i den yttre och inre milj\u00f6n. I den moderna fastigheten finns stor funktionalitet och dessutom en trivsam och gr\u00f6n innerg\u00e5rd. I garaget finns en bilplats f\u00f6r i stort sett alla l\u00e4genheter. Bottenv\u00e5ningen&nbsp;rymmer tv\u00e5 lokaler, den ena&nbsp;med kontorsverksamhet och den andra&nbsp;med motionsverksamhet&nbsp;med en bass\u00e4ng f\u00f6r familjens yngsta och tr\u00e4ningslokaler f\u00f6r de \u00e4ldre familjemedlemmarna. En fastighet man g\u00e4rna bor l\u00e4nge i!<\/p>\n\n\n\n<p><strong>V\u00e5r f\u00f6rening str\u00e4var efter \u2026<\/strong><br>en l\u00e5ngsiktigt h\u00e5llbar utveckling vad g\u00e4ller sk\u00f6tsel och ekonomi,<br>syftande till ett h\u00f6gkvalitativt och tryggt boende med god service<br>till medlemmarna med beaktande av ekonomisk varsamhet.<\/p>\n\n\n\n<p><strong>H\u00e4r kan du l\u00e4sa s\u00e5dant som har skrivits om oss:<\/strong><br><a href=\"https:\/\/www.grevture1.se\/wp-content\/uploads\/2011\/01\/broschyr-Grev-Ture-1.pdf\">S\u00e5 planerades bygget av Grev Ture 1<\/a><br><a href=\"https:\/\/www.grevture1.se\/wp-content\/uploads\/2011\/01\/artiklar-Grev-Ture-1.pdf\">Artiklar om Grev Ture 1<\/a><\/p>\n\n\n\n<p><strong>Hitta oss!<br><\/strong> <iframe src=\"https:\/\/www.google.com\/maps\/embed?pb=!1m18!1m12!1m3!1d932.822060511642!2d18.080000148960686!3d59.341312190316955!2m3!1f0!2f0!3f0!3m2!1i1024!2i768!4f13.1!3m3!1m2!1s0x465f9d443e133d2f%3A0x6fbf770930a48fe9!2s%C3%96stermalmsgatan%2065%2C%20114%2050%20Stockholm!5e0!3m2!1ssv!2sse!4v1669019118601!5m2!1ssv!2sse\" width=\"400\" height=\"300\" style=\"border:0;\" allowfullscreen=\"\" loading=\"lazy\" referrerpolicy=\"no-referrer-when-downgrade\"><\/p><\/iframe><\/p>\n","protected":false},"excerpt":{"rendered":"<p>BRF Grev Ture 1. En f\u00f6rening med gamla anor i ett modernt hus fr\u00e5n 1988. Husets arkitektur pr\u00e4glas av klassisk omsorg i detaljer och formspr\u00e5k tillsammans med vackra och best\u00e5ende material.&nbsp;Sten, marmor, tr\u00e4 och m\u00e4ssing har f\u00e5tt sin naturliga samklang i den yttre och inre milj\u00f6n. I den moderna fastigheten finns stor funktionalitet och dessutom &hellip;<\/p>\n<p class=\"read-more\"> <a class=\"\" href=\"https:\/\/www.grevture1.se\/\"> <span class=\"screen-reader-text\">Hem<\/span> L\u00e4s mer &raquo;<\/a><\/p>\n","protected":false},"author":1,"featured_media":0,"parent":0,"menu_order":0,"comment_status":"closed","ping_status":"open","template":"","meta":{"site-sidebar-layout":"default","site-content-layout":"default","ast-global-header-display":"","ast-main-header-display":"","ast-hfb-above-header-display":"","ast-hfb-below-header-display":"","ast-hfb-mobile-header-display":"","site-post-title":"","ast-breadcrumbs-content":"","ast-featured-img":"","footer-sml-layout":"","theme-transparent-header-meta":"","adv-header-id-meta":"","stick-header-meta":"","header-above-stick-meta":"","header-main-stick-meta":"","header-below-stick-meta":"","ngg_post_thumbnail":0,"footnotes":""},"class_list":["post-71","page","type-page","status-publish","hentry"],"_links":{"self":[{"href":"https:\/\/www.grevture1.se\/index.php?rest_route=\/wp\/v2\/pages\/71","targetHints":{"allow":["GET"]}}],"collection":[{"href":"https:\/\/www.grevture1.se\/index.php?rest_route=\/wp\/v2\/pages"}],"about":[{"href":"https:\/\/www.grevture1.se\/index.php?rest_route=\/wp\/v2\/types\/page"}],"author":[{"embeddable":true,"href":"https:\/\/www.grevture1.se\/index.php?rest_route=\/wp\/v2\/users\/1"}],"replies":[{"embeddable":true,"href":"https:\/\/www.grevture1.se\/index.php?rest_route=%2Fwp%2Fv2%2Fcomments&post=71"}],"version-history":[{"count":22,"href":"https:\/\/www.grevture1.se\/index.php?rest_route=\/wp\/v2\/pages\/71\/revisions"}],"predecessor-version":[{"id":736,"href":"https:\/\/www.grevture1.se\/index.php?rest_route=\/wp\/v2\/pages\/71\/revisions\/736"}],"wp:attachment":[{"href":"https:\/\/www.grevture1.se\/index.php?rest_route=%2Fwp%2Fv2%2Fmedia&parent=71"}],"curies":[{"name":"wp","href":"https:\/\/api.w.org\/{rel}","templated":true}]}}